{"id":173,"date":"2013-08-13T21:35:36","date_gmt":"2013-08-13T19:35:36","guid":{"rendered":"http:\/\/astrofili-vittorioveneto.it\/?page_id=173"},"modified":"2013-09-26T13:54:47","modified_gmt":"2013-09-26T11:54:47","slug":"statuto","status":"publish","type":"page","link":"https:\/\/www.astrofili-vittorioveneto.it\/index.php\/associazione\/statuto\/","title":{"rendered":"Statuto"},"content":{"rendered":"<h3 style=\"text-align: justify;\">STATUTO DELL\u2019ASSOCIAZIONE ASTROFILI VITTORIO VENETO<\/h3>\n<p style=\"text-align: justify;\"><span style=\"text-decoration: underline;\"><strong>ART. 1\u00b0<\/strong><\/span><\/p>\n<p style=\"text-align: justify;\">\u00c8 costituita l\u2019Associazione di astrofili con la denominazione \u201cASSOCIAZIONE ASTROFILI VITTORIO VENETO\u201d (A.A.V.V.) con sede in Fregona (TV), localit\u00e0 Piadera, presso l\u2019Osservatorio Astronomico.<\/p>\n<p style=\"text-align: justify;\"><span style=\"text-decoration: underline;\"><strong>ART. 2\u00b0<\/strong><\/span><\/p>\n<p style=\"text-align: justify;\">L\u2019Associazione \u00e8 apartitica, aconfessionale e non ha fini di lucro.<\/p>\n<p style=\"text-align: justify;\">Gli scopi che l\u2019Associazione si prefigge sono: la conoscenza, lo studio, la ricerca, la divulgazione, l\u2019osservazione dei fenomeni celesti, la formazione e aggiornamento degli insegnanti.<\/p>\n<p style=\"text-align: justify;\">L\u2019Associazione si dichiara disponibile a collaborare a norma del presente Statuto con Enti, Associazione a carattere sociale e culturale, prestando l\u2019opera dei propri associati.<\/p>\n<p style=\"text-align: justify;\">Le attivit\u00e0 possono essere svolte tramite la formazione di gruppi operativi all\u2019interno dell\u2019Associazione, operanti nell\u2019intero territorio nazionale e all\u2019estero.<\/p>\n<p style=\"text-align: justify;\"><span style=\"text-decoration: underline;\"><strong>ART. 3\u00b0<\/strong><\/span><\/p>\n<p style=\"text-align: justify;\">La durata dell\u2019Associazione \u00e8 prevista a tempo indeterminato.<\/p>\n<p style=\"text-align: justify;\">Essa potr\u00e0 essere anticipatamente sciolta con delibera dell\u2019Assemblea degli associati che avr\u00e0 effetto non prima di novanta giorni.<\/p>\n<p style=\"text-align: justify;\"><span style=\"text-decoration: underline;\"><strong>ART. 4\u00b0<\/strong><\/span><\/p>\n<p style=\"text-align: justify;\">L\u2019Associazione si sostiene finanziariamente col proprio patrimonio sociale costituito da:<\/p>\n<p style=\"text-align: justify;\">a)\u00a0\u00a0\u00a0 erogazioni, donazioni, lasciti e sovvenzioni;<\/p>\n<p style=\"text-align: justify;\">b)\u00a0\u00a0 da beni mobili ed immobili di propriet\u00e0 dell\u2019Associazione;<\/p>\n<p style=\"text-align: justify;\">c)\u00a0\u00a0\u00a0 quote sociali.<\/p>\n<p style=\"text-align: justify;\"><span style=\"text-decoration: underline;\"><strong>ART. 5\u00b0<\/strong><\/span><\/p>\n<p style=\"text-align: justify;\">Possono essere soci tutti coloro che, fatta domanda di iscrizione e versata la quota associativa, accettano di rispettare il seguente Statuto.<\/p>\n<p style=\"text-align: justify;\"><span style=\"text-decoration: underline;\"><strong>ART. 6\u00b0<\/strong><\/span><\/p>\n<p style=\"text-align: justify;\">I soci possono essere: onorari, benemeriti, ordinari e giovani.<\/p>\n<p style=\"text-align: justify;\">Sono soci onorari le persone che si sono particolarmente distinte nella scienza dell\u2019Astronomia e gli Enti e le persone che abbiano dimostrato particolare sensibilit\u00e0 nei confronti dell\u2019Associazione. La nomina dei soci onorari spetta al Consiglio Direttivo. Il socio onorario ha lo stesso diritto del socio ordinario.<\/p>\n<p style=\"text-align: justify;\">Sono soci benemeriti i fondatori e coloro che a giudizio dell\u2019Assemblea dei Soci, su proposta del Consiglio Direttivo, abbiano acquisito benemerenza nei confronti dell\u2019Associazione.<\/p>\n<p style=\"text-align: justify;\">Sono soci ordinari le persone di et\u00e0 maggiore di anni diciotto.<\/p>\n<p style=\"text-align: justify;\">Sono soci giovani i minori di anni diciotto.<\/p>\n<p style=\"text-align: justify;\"><span style=\"text-decoration: underline;\"><strong>ART. 7\u00b0<\/strong><\/span><\/p>\n<p style=\"text-align: justify;\">Il socio ha il diritto di partecipare alle Assemblee, a tutte le attivit\u00e0 dell\u2019Associazione e di godere di tutti i benefici che sono citati nello statuto.<\/p>\n<p style=\"text-align: justify;\">I soci, compiuti i diciotto anni, hanno diritto di voto nelle Assemblee.<\/p>\n<p style=\"text-align: justify;\"><span style=\"text-decoration: underline;\"><strong>ART. 8\u00b0<\/strong><\/span><\/p>\n<p style=\"text-align: justify;\">La qualit\u00e0 di socio si perde per decesso, dimissioni, morosit\u00e0, indesiderabilit\u00e0.<\/p>\n<p style=\"text-align: justify;\">La morosit\u00e0 e l\u2019indesiderabilit\u00e0 verranno sancite dal Consiglio Direttivo.<\/p>\n<p style=\"text-align: justify;\"><span style=\"text-decoration: underline;\"><strong>ART. 9\u00b0<\/strong><\/span><\/p>\n<p style=\"text-align: justify;\">L\u2019anno sociale decorre dal 1\u00b0 gennaio al 31 dicembre.<\/p>\n<p style=\"text-align: justify;\"><span style=\"text-decoration: underline;\"><strong>ART. 10\u00b0<\/strong><\/span><\/p>\n<p style=\"text-align: justify;\">Gli Organi dell\u2019Associazione sono:<\/p>\n<p style=\"text-align: justify;\">a)\u00a0\u00a0\u00a0 l\u2019Assemblea dei soci;<\/p>\n<p style=\"text-align: justify;\">b)\u00a0\u00a0 la Presidenza;<\/p>\n<p style=\"text-align: justify;\">c)\u00a0\u00a0\u00a0 il Consiglio Direttivo.<\/p>\n<p style=\"text-align: justify;\"><span style=\"text-decoration: underline;\"><strong>ART. 11\u00b0<\/strong><\/span><\/p>\n<p style=\"text-align: justify;\">L\u2019Assemblea \u00e8 formata da tutti i soci in regola con il pagamento della quota sociale; a ciascuno di essi spetta un solo voto; ogni socio potr\u00e0 farsi rappresentare all\u2019Assemblea da un altro socio, purch\u00e9 presenti delega scritta e non pi\u00f9 di una.<\/p>\n<p style=\"text-align: justify;\">Le Assemblee sono ordinarie e straordinarie.<\/p>\n<p style=\"text-align: justify;\">L\u2019Assemblea ordinaria \u00e8 indetta dal Consiglio almeno una volta all\u2019anno, mediante comunicazione scritta e diretta a ciascun socio e mediante l\u2019affissione all\u2019albo dell\u2019avviso contenente l\u2019ordine del giorno ed il luogo di riunione almeno quindici giorni prima di quello fissato per l\u2019adunanza.<\/p>\n<p style=\"text-align: justify;\">L\u2019assemblea pu\u00f2 essere convocata su domanda firmata da almeno un decimo dei soci (art. 20 C.C.).<\/p>\n<p style=\"text-align: justify;\">Essa delibera sul programma, sugli indirizzi e direttive generali dell\u2019Associazione, sulla nomina i componenti del Consiglio Direttivo e su tutto quanto ad essa demandato per Legge e per Statuto.<\/p>\n<p style=\"text-align: justify;\">L\u2019Assemblea \u00e8 validamente costituita in prima convocazione quando intervenga o sia rappresentata la maggioranza dei soci regolarmente iscritti, ed in seconda convocazione con la presenza di qualsiasi numero di soci.<\/p>\n<p style=\"text-align: justify;\">Le deliberazioni sono prese a maggioranza dei voti dei presenti.<\/p>\n<p style=\"text-align: justify;\">L\u2019Assemblea straordinaria viene convocata, con la medesima forma dell\u2019Assemblea ordinaria, ogni qualvolta il Consiglio Direttivo lo ritenga opportuno.<\/p>\n<p style=\"text-align: justify;\">Essa delibera sulle modificazioni dell\u2019atto costitutivo, sull\u2019eventuale scioglimento anticipato e per eventuali spese straordinarie.<\/p>\n<p style=\"text-align: justify;\"><span style=\"text-decoration: underline;\"><strong>ART. 12\u00b0<\/strong><\/span><\/p>\n<p style=\"text-align: justify;\">Il Presidente viene eletto dal Consiglio Direttivo nel proprio seno e rappresenta l\u2019Associazione nei confronti dei terzi, cura l\u2019esecuzione delle delibere dell\u2019Assemblea e del Consiglio; nei casi di urgenza pu\u00f2 esercitare i poteri del Consiglio salvo ratifica dello stesso alla prima riunione. Convoca e presiede le Assemblee e le riunioni del Consiglio Direttivo.<\/p>\n<p style=\"text-align: justify;\"><span style=\"text-decoration: underline;\"><strong>ART. 13\u00b0<\/strong><\/span><\/p>\n<p style=\"text-align: justify;\">Il Consiglio Direttivo \u00e8 eletto dall\u2019Assemblea ed \u00e8 composto dal 10% dei soci con un minimo di sette Consiglieri eletti tra i soci ordinari e onorari. Fanno comunque parte a pieno titolo del Consiglio Direttivo i soci benemeriti. In caso di decesso o dimissioni di un Consigliere, il Consiglio, alla prima riunione, provveder\u00e0 alla sua surrogazione tenendo conto del primo non eletto nella graduatoria.<\/p>\n<p style=\"text-align: justify;\">Il Consiglio elegge nel proprio seno il Presidente, il Vicepresidente, Il Segretario, il Tesoriere.<\/p>\n<p style=\"text-align: justify;\">Nessun compenso \u00e8 dovuto ai membri del Consiglio Direttivo.<\/p>\n<p style=\"text-align: justify;\">Il Consiglio si riunisce ogni qualvolta il Presidente lo ritenga necessario, o ne sia fatta richiesta da almeno un terzo dei suoi membri, almeno una volta all\u2019anno per indire le Assemblee annuali dei soci, per ottemperare agli adempimenti previsti dall\u2019articolo 11\u00b0 del presente Statuto. Esso amministra, con i pi\u00f9 ampi poteri, l\u2019Associazione, fissa l\u2019ammontare delle quote sociali per ogni esercizio e presenta, al termine di ogni anno, il resoconto delle attivit\u00e0 all\u2019approvazione dell\u2019Assemblea.<\/p>\n<p style=\"text-align: justify;\"><span style=\"text-decoration: underline;\"><strong>ART. 14\u00b0<\/strong><\/span><\/p>\n<p style=\"text-align: justify;\">Tutti i membri eletti devono aver raggiunto la maggiore et\u00e0, durano in carica due anni e sono rieleggibili.<\/p>\n<p style=\"text-align: justify;\"><span style=\"text-decoration: underline;\"><strong>ART. 15\u00b0<\/strong><\/span><\/p>\n<p style=\"text-align: justify;\">Tutte le eventuali controversie tra i soci e tra questi e l\u2019Assemblea ed i suoi Organi saranno sottoposte alla competenza di tre Probiviri da nominarsi allo scopo dall\u2019Assemblea, quali giudicheranno pro bono et aequo, senza formalit\u00e0 di procedura.<\/p>\n<p style=\"text-align: justify;\"><span style=\"text-decoration: underline;\"><strong>ART. 16\u00b0<\/strong><\/span><\/p>\n<p style=\"text-align: justify;\">Per quanto non contenuto nel presente Statuto si fa riferimento alle disposizioni del Codice Civile o di altre leggi vigenti in materia.<\/p>\n","protected":false},"excerpt":{"rendered":"<p>STATUTO DELL\u2019ASSOCIAZIONE ASTROFILI VITTORIO VENETO ART. 1\u00b0 \u00c8 costituita l\u2019Associazione di astrofili con la denominazione \u201cASSOCIAZIONE ASTROFILI VITTORIO VENETO\u201d (A.A.V.V.) con sede in Fregona (TV), localit\u00e0 Piadera, presso l\u2019Osservatorio Astronomico. ART. 2\u00b0 L\u2019Associazione \u00e8 apartitica, aconfessionale e non ha fini di lucro. Gli scopi che l\u2019Associazione si prefigge sono: la &#8230;<\/p>\n","protected":false},"author":2,"featured_media":0,"parent":69,"menu_order":6,"comment_status":"closed","ping_status":"closed","template":"","meta":{"footnotes":""},"class_list":["post-173","page","type-page","status-publish","hentry","column","threecol"],"jetpack_sharing_enabled":true,"_links":{"self":[{"href":"https:\/\/www.astrofili-vittorioveneto.it\/index.php\/wp-json\/wp\/v2\/pages\/173","targetHints":{"allow":["GET"]}}],"collection":[{"href":"https:\/\/www.astrofili-vittorioveneto.it\/index.php\/wp-json\/wp\/v2\/pages"}],"about":[{"href":"https:\/\/www.astrofili-vittorioveneto.it\/index.php\/wp-json\/wp\/v2\/types\/page"}],"author":[{"embeddable":true,"href":"https:\/\/www.astrofili-vittorioveneto.it\/index.php\/wp-json\/wp\/v2\/users\/2"}],"replies":[{"embeddable":true,"href":"https:\/\/www.astrofili-vittorioveneto.it\/index.php\/wp-json\/wp\/v2\/comments?post=173"}],"version-history":[{"count":5,"href":"https:\/\/www.astrofili-vittorioveneto.it\/index.php\/wp-json\/wp\/v2\/pages\/173\/revisions"}],"predecessor-version":[{"id":1161,"href":"https:\/\/www.astrofili-vittorioveneto.it\/index.php\/wp-json\/wp\/v2\/pages\/173\/revisions\/1161"}],"up":[{"embeddable":true,"href":"https:\/\/www.astrofili-vittorioveneto.it\/index.php\/wp-json\/wp\/v2\/pages\/69"}],"wp:attachment":[{"href":"https:\/\/www.astrofili-vittorioveneto.it\/index.php\/wp-json\/wp\/v2\/media?parent=173"}],"curies":[{"name":"wp","href":"https:\/\/api.w.org\/{rel}","templated":true}]}}