{"id":201,"date":"2013-08-13T22:15:58","date_gmt":"2013-08-13T20:15:58","guid":{"rendered":"http:\/\/astrofili-vittorioveneto.it\/?page_id=201"},"modified":"2026-01-08T02:27:08","modified_gmt":"2026-01-08T01:27:08","slug":"https-www-arpa-veneto-it-temi-ambientali-luminosita-del-cielo","status":"publish","type":"page","link":"https:\/\/www.astrofili-vittorioveneto.it\/index.php\/associazione\/https-www-arpa-veneto-it-temi-ambientali-luminosita-del-cielo\/","title":{"rendered":"Inquinamento luminoso"},"content":{"rendered":"\n<figure class=\"wp-block-image size-large\"><img data-recalc-dims=\"1\" loading=\"lazy\" decoding=\"async\" width=\"660\" height=\"426\" data-attachment-id=\"841\" data-permalink=\"https:\/\/www.astrofili-vittorioveneto.it\/index.php\/2017\/02\/24-febbraio-millumino-di-meno\/001_pizzoc\/\" data-orig-file=\"https:\/\/i0.wp.com\/www.astrofili-vittorioveneto.it\/wp-content\/uploads\/2013\/09\/001_Pizzoc.jpg?fit=1798%2C1161&amp;ssl=1\" data-orig-size=\"1798,1161\" data-comments-opened=\"0\" data-image-meta=\"{&quot;aperture&quot;:&quot;0&quot;,&quot;credit&quot;:&quot;&quot;,&quot;camera&quot;:&quot;&quot;,&quot;caption&quot;:&quot;&quot;,&quot;created_timestamp&quot;:&quot;0&quot;,&quot;copyright&quot;:&quot;&quot;,&quot;focal_length&quot;:&quot;0&quot;,&quot;iso&quot;:&quot;0&quot;,&quot;shutter_speed&quot;:&quot;0&quot;,&quot;title&quot;:&quot;&quot;}\" data-image-title=\"Pizzoc\" data-image-description=\"&lt;p&gt;Soggetto: Inquinamento luminoso &amp;#8211; Costellazione di Orione&lt;br \/&gt;\nStrumento: Zenitar 16mm f\/2.8&lt;br \/&gt;\nCamera: Milnolta a pellicola | 60sec, 400 ISO&lt;br \/&gt;\nData: 28 novembre 2003&lt;\/p&gt;\n\" data-image-caption=\"&lt;p&gt;Inquinamento luminoso dal Monte Pizzoc&lt;\/p&gt;\n\" data-medium-file=\"https:\/\/i0.wp.com\/www.astrofili-vittorioveneto.it\/wp-content\/uploads\/2013\/09\/001_Pizzoc.jpg?fit=800%2C516&amp;ssl=1\" data-large-file=\"https:\/\/i0.wp.com\/www.astrofili-vittorioveneto.it\/wp-content\/uploads\/2013\/09\/001_Pizzoc.jpg?fit=660%2C426&amp;ssl=1\" src=\"https:\/\/i0.wp.com\/www.astrofili-vittorioveneto.it\/wp-content\/uploads\/2013\/09\/001_Pizzoc.jpg?resize=660%2C426&#038;ssl=1\" alt=\"pizzoc\" class=\"wp-image-841\" srcset=\"https:\/\/i0.wp.com\/www.astrofili-vittorioveneto.it\/wp-content\/uploads\/2013\/09\/001_Pizzoc.jpg?resize=1600%2C1033&amp;ssl=1 1600w, https:\/\/i0.wp.com\/www.astrofili-vittorioveneto.it\/wp-content\/uploads\/2013\/09\/001_Pizzoc.jpg?resize=800%2C516&amp;ssl=1 800w, https:\/\/i0.wp.com\/www.astrofili-vittorioveneto.it\/wp-content\/uploads\/2013\/09\/001_Pizzoc.jpg?resize=624%2C402&amp;ssl=1 624w, https:\/\/i0.wp.com\/www.astrofili-vittorioveneto.it\/wp-content\/uploads\/2013\/09\/001_Pizzoc.jpg?w=1798&amp;ssl=1 1798w, https:\/\/i0.wp.com\/www.astrofili-vittorioveneto.it\/wp-content\/uploads\/2013\/09\/001_Pizzoc.jpg?w=1320&amp;ssl=1 1320w\" sizes=\"auto, (max-width: 660px) 100vw, 660px\" \/><figcaption class=\"wp-element-caption\">Inquinamento luminoso dal Monte Pizzoc<\/figcaption><\/figure>\n\n\n\n<p>Per inquinamento luminoso va intesa qualunque alterazione della quantit\u00e0 naturale di luce presente di notte nell&#8217;ambiente esterno e dovuta ad immissione di luce di cui l&#8217;uomo abbia responsabilit\u00e0. Le principali sorgenti di inquinamento luminoso sono gli impianti di illuminazione esterna notturna. Produce inquinamento luminoso qualunque dispersione di luce nell&#8217;ambiente, sia che essa provenga dalle sorgenti di luce (ad es. gli apparecchi di illuminazione) che dalle superfici illuminate, ivi compresa la luce prodotta da sorgenti naturali ma di cui l&#8217;uomo ne sia responsabile. Produce inquinamento luminoso anche l&#8217;immissione volontaria di luce nell&#8217;ambiente.<\/p>\n\n\n\n<p class=\"has-text-align-left\">Molte sono le mappe dell&#8217;inquinamento luminoso prodotte&nbsp; negli anni e nell&#8217;ultimo periodo i dati sono stati ulteriormente affinati. Una serie di mappe \u00e8 possibile consultarla ai seguenti indirizzi.<\/p>\n\n\n\n<p class=\"has-text-align-left\"><a id=\"yui_3_16_0_1_1409919854715_7040\" class=\"yiv2236957286class\" href=\"http:\/\/www.avex-asso.org\/dossiers\/wordpress\/?page_id=2822\" target=\"_blank\" rel=\"nofollow noopener noreferrer\" shape=\"rect\" data-wplink-edit=\"true\">http:\/\/www.avex-asso.org\/dossiers\/wordpress\/?page_id=2822<\/a><\/p>\n\n\n\n<p class=\"has-text-align-left\"><\/p>\n\n\n\n<figure class=\"wp-block-image\"><a href=\"https:\/\/i0.wp.com\/www.astrofili-vittorioveneto.it\/wp-content\/uploads\/2013\/08\/IQ-italia_nord.jpg?ssl=1\"><img data-recalc-dims=\"1\" loading=\"lazy\" decoding=\"async\" width=\"660\" height=\"367\" data-attachment-id=\"1636\" data-permalink=\"https:\/\/www.astrofili-vittorioveneto.it\/index.php\/associazione\/https-www-arpa-veneto-it-temi-ambientali-luminosita-del-cielo\/iq-italia_nord\/\" data-orig-file=\"https:\/\/i0.wp.com\/www.astrofili-vittorioveneto.it\/wp-content\/uploads\/2013\/08\/IQ-italia_nord.jpg?fit=1692%2C942&amp;ssl=1\" data-orig-size=\"1692,942\" data-comments-opened=\"0\" data-image-meta=\"{&quot;aperture&quot;:&quot;0&quot;,&quot;credit&quot;:&quot;&quot;,&quot;camera&quot;:&quot;&quot;,&quot;caption&quot;:&quot;&quot;,&quot;created_timestamp&quot;:&quot;0&quot;,&quot;copyright&quot;:&quot;&quot;,&quot;focal_length&quot;:&quot;0&quot;,&quot;iso&quot;:&quot;0&quot;,&quot;shutter_speed&quot;:&quot;0&quot;,&quot;title&quot;:&quot;&quot;}\" data-image-title=\"IQ-italia_nord\" data-image-description=\"\" data-image-caption=\"\" data-medium-file=\"https:\/\/i0.wp.com\/www.astrofili-vittorioveneto.it\/wp-content\/uploads\/2013\/08\/IQ-italia_nord.jpg?fit=800%2C445&amp;ssl=1\" data-large-file=\"https:\/\/i0.wp.com\/www.astrofili-vittorioveneto.it\/wp-content\/uploads\/2013\/08\/IQ-italia_nord.jpg?fit=660%2C367&amp;ssl=1\" src=\"https:\/\/i0.wp.com\/www.astrofili-vittorioveneto.it\/wp-content\/uploads\/2013\/08\/IQ-italia_nord.jpg?resize=660%2C367&#038;ssl=1\" alt=\"IQ-italia_nord\" class=\"wp-image-1636\" srcset=\"https:\/\/i0.wp.com\/www.astrofili-vittorioveneto.it\/wp-content\/uploads\/2013\/08\/IQ-italia_nord.jpg?resize=1600%2C890&amp;ssl=1 1600w, https:\/\/i0.wp.com\/www.astrofili-vittorioveneto.it\/wp-content\/uploads\/2013\/08\/IQ-italia_nord.jpg?resize=800%2C445&amp;ssl=1 800w, https:\/\/i0.wp.com\/www.astrofili-vittorioveneto.it\/wp-content\/uploads\/2013\/08\/IQ-italia_nord.jpg?resize=700%2C389&amp;ssl=1 700w, https:\/\/i0.wp.com\/www.astrofili-vittorioveneto.it\/wp-content\/uploads\/2013\/08\/IQ-italia_nord.jpg?w=1692&amp;ssl=1 1692w, https:\/\/i0.wp.com\/www.astrofili-vittorioveneto.it\/wp-content\/uploads\/2013\/08\/IQ-italia_nord.jpg?w=1320&amp;ssl=1 1320w\" sizes=\"auto, (max-width: 660px) 100vw, 660px\" \/><\/a><\/figure>\n\n\n\n<p class=\"has-text-align-left\"><\/p>\n\n\n\n<p>L&#8217;Associazione Astrofili Vittorio Veneto \u00e8 da tempo impegnata in prima persona nella lotta all&#8217;inquinamento luminoso.&nbsp; Partecipa all&#8217;attivit\u00e0 di VenetoStellato, il coordinamento veneto contro l&#8217;inquinamento luminoso. L&#8217;Osservatorio di Piadera \u00e8 uno dei siti protetti dalla Legge regionale n\u00b0 22\/97 del Veneto e dalla recente LRV 17\/2009.<\/p>\n\n\n\n<p>Da settembre del 2011 monitoriamo l&#8217;inquinamento luminoso notte per notte mediante l&#8217;utilizzo di uno Sky Quality Meter (SQM) montato sulla terrazza dell&#8217;Osservatorio di Piadera.<br>\nE&#8217; possibile consultare la&nbsp;<a href=\"https:\/\/www.astrofili-vittorioveneto.it\/wp-content\/uploads\/2013\/08\/sqm.pdf\">scheda tecnica della nostra centralina<\/a> e i grafici dell&#8217;SQM sul sito di ARPAV alla sezione Inquinamento Luminoso https:\/\/www.arpa.veneto.it\/temi-ambientali\/luminosita-del-cielo.<\/p>\n\n\n\n<p>A breve verr\u00e0 installato un apparecchio analogo presso il rifugio del Monte Pizzoc, grazie alla collaborazione con L&#8217;<a title=\"Associazione Radioamatori Italiani-Vittorio Veneto\" href=\"http:\/\/www.arivv.it\" target=\"_blank\" rel=\"noopener noreferrer\">Associazione Radioamatori di Vittorio Veneto<\/a>.<\/p>\n","protected":false},"excerpt":{"rendered":"<p>Per inquinamento luminoso va intesa qualunque alterazione della quantit\u00e0 naturale di luce presente di notte nell&#8217;ambiente esterno e dovuta ad immissione di luce di cui l&#8217;uomo abbia responsabilit\u00e0. Le principali sorgenti di inquinamento luminoso sono gli impianti di illuminazione esterna notturna. Produce inquinamento luminoso qualunque dispersione di luce nell&#8217;ambiente, sia &#8230;<\/p>\n","protected":false},"author":2,"featured_media":0,"parent":69,"menu_order":5,"comment_status":"closed","ping_status":"closed","template":"","meta":{"footnotes":""},"class_list":["post-201","page","type-page","status-publish","hentry","column","threecol"],"jetpack_sharing_enabled":true,"_links":{"self":[{"href":"https:\/\/www.astrofili-vittorioveneto.it\/index.php\/wp-json\/wp\/v2\/pages\/201","targetHints":{"allow":["GET"]}}],"collection":[{"href":"https:\/\/www.astrofili-vittorioveneto.it\/index.php\/wp-json\/wp\/v2\/pages"}],"about":[{"href":"https:\/\/www.astrofili-vittorioveneto.it\/index.php\/wp-json\/wp\/v2\/types\/page"}],"author":[{"embeddable":true,"href":"https:\/\/www.astrofili-vittorioveneto.it\/index.php\/wp-json\/wp\/v2\/users\/2"}],"replies":[{"embeddable":true,"href":"https:\/\/www.astrofili-vittorioveneto.it\/index.php\/wp-json\/wp\/v2\/comments?post=201"}],"version-history":[{"count":18,"href":"https:\/\/www.astrofili-vittorioveneto.it\/index.php\/wp-json\/wp\/v2\/pages\/201\/revisions"}],"predecessor-version":[{"id":8923,"href":"https:\/\/www.astrofili-vittorioveneto.it\/index.php\/wp-json\/wp\/v2\/pages\/201\/revisions\/8923"}],"up":[{"embeddable":true,"href":"https:\/\/www.astrofili-vittorioveneto.it\/index.php\/wp-json\/wp\/v2\/pages\/69"}],"wp:attachment":[{"href":"https:\/\/www.astrofili-vittorioveneto.it\/index.php\/wp-json\/wp\/v2\/media?parent=201"}],"curies":[{"name":"wp","href":"https:\/\/api.w.org\/{rel}","templated":true}]}}