{"id":596,"date":"2013-08-23T04:10:31","date_gmt":"2013-08-23T02:10:31","guid":{"rendered":"http:\/\/new.astrofili-vittorioveneto.it\/?page_id=596"},"modified":"2023-08-23T22:41:54","modified_gmt":"2023-08-23T20:41:54","slug":"contatti","status":"publish","type":"page","link":"https:\/\/www.astrofili-vittorioveneto.it\/index.php\/contatti\/","title":{"rendered":"Contatti"},"content":{"rendered":"<p style=\"text-align: justify;\">L&#8217;Associazione Astrofili Vittorio Veneto \u00e8 anche su <a href=\"https:\/\/www.facebook.com\/astrofilivittorioveneto\/\" target=\"_blank\" rel=\"noopener noreferrer\">Facebook<\/a>!<\/p>\n<p>Normalmente l&#8217;Osservatorio di Piadera \u00e8 sempre aperto ogni venerd\u00ec sera, meteo permettendo, sia per adulti che ragazzi di tutte le et\u00e0.<\/p>\n<p>Si possono vedere in diretta i principali oggetti del cielo ripresi in diretta dal grande telescopio da 60 cm.<\/p>\n<p>Non serve la prenotazione, salvo per gruppi numerosi.<\/p>\n<p>Non c&#8217;\u00e8 un biglietto di ingresso, ma chiediamo un contributo libero e responsabile che ci serve a sostenere le spese di gestione.<\/p>\n<p style=\"text-align: justify;\">Se avete altre richieste particolari utilizzate il seguente modulo di contatto, completando i dati personali richiesti e\u00a0 inserendo di seguito i vostri quesiti o le vostre richieste specifiche; vi risponderemo quanto prima possibile.<\/p>\n<div data-test='contact-form'\n\t\t\tid='contact-form-596'\n\t\t\tclass='wp-block-jetpack-contact-form-container '\n\t\t\tdata-wp-interactive='jetpack\/form' data-wp-context='{\"formId\":\"596\",\"formHash\":\"6bbd29f583534d297c4a677533ac0929b7a7c4ba\",\"showErrors\":false,\"errors\":[],\"fields\":[],\"isMultiStep\":false,\"useAjax\":true,\"submissionData\":null,\"formattedSubmissionData\":[],\"submissionSuccess\":false,\"submissionError\":null,\"elementId\":\"jp-form-6bbd29f583534d297c4a677533ac0929b7a7c4ba\",\"isSingleInputForm\":false}'\n\t\t\tdata-wp-watch--scroll-to-wrapper=\"callbacks.scrollToWrapper\"\n\t\t>\n<div class=\"contact-form-submission contact-form-ajax-submission\" data-wp-class--submission-success=\"context.submissionSuccess\"><p class=\"go-back-message\"><a class=\"link\" role=\"button\" tabindex=\"0\" data-wp-on--click=\"actions.goBack\" href=\"\/index.php\/wp-json\/wp\/v2\/pages\/596\">Torna indietro<\/a><\/p><h4 id=\"contact-form-success-header\">Il tuo messaggio \u00e8 stato inviato<\/h4>\n\n<template data-wp-each--submission=\"context.formattedSubmissionData\">\n\t\t\t\t\t<div class=\"jetpack_forms_contact-form-success-summary\">\n\t\t\t\t\t\t<div class=\"field-name\" data-wp-text=\"context.submission.label\" data-wp-bind--hidden=\"!context.submission.label\"><\/div>\n\t\t\t\t\t\t<div class=\"field-value\" data-wp-text=\"context.submission.value\"><\/div>\n\t\t\t\t\t\t<div class=\"field-images\" data-wp-bind--hidden=\"!context.submission.images\">\n\t\t\t\t\t\t\t<template data-wp-each--image=\"context.submission.images\">\n\t\t\t\t\t\t\t\t<figure class=\"field-image\" data-wp-class--is-empty=\"!context.image\">\n\t\t\t\t\t\t\t\t\t<img data-wp-bind--src=\"context.image\" data-wp-bind--hidden=\"!context.image\" \/>\n\t\t\t\t\t\t\t\t\t<img decoding=\"async\" src=\"data:image\/gif;base64,R0lGODlhAQABAAD\/ACwAAAAAAQABAAACADs=\" data-wp-bind--hidden=\"context.image\" \/>\n\t\t\t\t\t\t\t\t<\/figure>\n\t\t\t\t\t\t\t<\/template>\n\t\t\t\t\t\t<\/div>\n\t\t\t\t\t<\/div>\n\t\t\t\t<\/template><\/div><form action='https:\/\/www.astrofili-vittorioveneto.it\/index.php\/contatti\/'\n\t\t\t\tid='jp-form-6bbd29f583534d297c4a677533ac0929b7a7c4ba'\n\t\t\t\tmethod='post'\n\t\t\t\tclass='contact-form commentsblock' aria-label=\"Contatti\"\n\t\t\t\tdata-wp-on--submit=\"actions.onFormSubmit\"\n\t\t\t\tdata-wp-on--reset=\"actions.onFormReset\"\n\t\t\t\tdata-wp-class--submission-success=\"context.submissionSuccess\"\n\t\t\t\tdata-wp-class--is-first-step=\"state.isFirstStep\"\n\t\t\t\tdata-wp-class--is-last-step=\"state.isLastStep\"\n\t\t\t\tdata-wp-class--is-ajax-form=\"context.useAjax\"\n\t\t\t\tnovalidate >\n<input type='hidden' name='jetpack_contact_form_jwt' value='eyJ0eXAiOiJKV1QiLCJhbGciOiJIUzI1NiJ9.eyJlbmNyeXB0ZWRfYXR0cmlidXRlcyI6ImlVVW9VbWtqK0NhbE9hRTJaZ1dxZmVLbmgxdVEwWlBVZnlKWG1ESkVvRHFSM0dSejhXbnlrYkRUV292UUFhcHFMallMMkZlZEVwWXlaem95b28zYnJQQllZYzkwRzIzUHE2R0d6Smp1RXRVQkpVbXVub095ZnU0MW5LRGlRNzdQa0NVSG9nT3c0M3dkb01wNmJNMlZjYjlCU0t0UHBSYm1rVGJkbkorakMrUjB4NjRjNnJ6V2o2SWxPRGYzNlJISVdodFNJbUNyeDhOdlR2RkRNRVNpdUdtZ3J5SEFkdkV6UzBIc0dFY2o3Q1Bhb0Z4WW1XT084OWdieXQ2Mnh5aVU3VG5rS3Bjd0ZjVy9FUHNNeWNvY1VDclJWZmd3Q1oxbzNQZWUwV2dBMUk5dGNvdW8zR2ljTGl5ZEZ5ckw3QXp2MFF3V0hveUlwdDBwayt3TXpsd1RodDVhL2NOTmRrV2tiMXd3OEVFd2lveFRmQTkwL0xVMjMwK0k2VDZSUzVMZDRDRGFQdHJSbzhNSU1vQ1FIRXBXemR6U1l3UHpnR3VPUmRsUEJwQ0NOczZpR2p0RW1qYkY3SVg4Z0FqajBPcU5oZm5BM2o1NEVESHcrRFF3d2w5emtMY25INzdzdFQ2M3ZxcG5STFBGbWhEZmxDMTYvWW1zdWVTSDFYWkt2ZW40VzNURnpKSzBPNHJGbHRWajBNSXlMVTYzZ1F1YW0rZERxUWF5MHlNV2ZsalU2d2ZINllUYVRiVzZOcE1Ycis3c3k1ZzYrUTJ5cTQzNk9uK2srK1ZMVnpFcFA1NTBYeFRmby9WdkNNbTJCM2VoOXNFU2dQenpYR0VjdjlrMWl2RUJ1ZVZYQURnR0tnbVBhZVFTek1mYU8wcENQYkNXMFhJSVNRMXRYQjJpOHJBY2pHQmE1d05NKzFxSjdjcnA0Z09Hck9TTm9xYVJaN2VnTXQ0KzJvT21ZekRGcUNpREpjQVJ3djAwZHZUUlg1RFNrNVg5MzBFdFRDTUpGaERERlcyUExIQ0o4TFJzTTRNYnMzOE55NUhLMmxtdDZJS2FNOEJmOUdyNWtDQTZyTTdqamVERUM0K2N5d0pTa3Qza3c5aE9lRmhDd2laQTBmUHFiNS9pV2Njc252Y1djQllQTENUYmtEaE85bmxmRWxIWEpRaUlxQnFBQ1FuTG1yU2QvTlVpaW01a1BLaG1FTWN0aVMrT3dLU2VCZytBIiwiY29udGVudCI6Iltjb250YWN0LWZpZWxkIGxhYmVsPVwiTm9tZVwiIHR5cGU9XCJuYW1lXCIgcmVxdWlyZWQ9XCIxXCJdW2NvbnRhY3QtZmllbGQgbGFiZWw9XCJFbWFpbFwiIHR5cGU9XCJlbWFpbFwiIHJlcXVpcmVkPVwiMVwiXVtjb250YWN0LWZpZWxkIGxhYmVsPVwiT2dnZXR0b1wiIHR5cGU9XCJzZWxlY3RcIiByZXF1aXJlZD1cIjFcIiBvcHRpb25zPVwiUHJlbm90YXppb25lIHZpc2l0YSxQcmVub3RhemlvbmUgcGxhbmV0YXJpbyxJbmZvcm1hemlvbmkgZ2VuZXJpY2hlLFByb2JsZW1pIHNpdG8vU2VnbmFsYXppb25lIGVycm9yaSxBbHRyb1wiXVtjb250YWN0LWZpZWxkIGxhYmVsPVwiTWVzc2FnZ2lvXCIgdHlwZT1cInRleHRhcmVhXCIgcmVxdWlyZWQ9XCIxXCJdW2NvbnRhY3QtZmllbGQgbGFiZWw9XCJyZWRpcmVjdFwiIHR5cGU9XCJ0ZXh0XCJdIiwiaGFzaCI6IjZiYmQyOWY1ODM1MzRkMjk3YzRhNjc3NTMzYWMwOTI5YjdhN2M0YmEiLCJzb3VyY2UiOnsiZW50cnlfdGl0bGUiOiJDb250YXR0aSIsImVudHJ5X3BhZ2UiOjEsInNvdXJjZV9pZCI6NTk2LCJzb3VyY2VfdHlwZSI6InNpbmdsZSIsInJlcXVlc3RfdXJsIjoiaHR0cHM6Ly93d3cuYXN0cm9maWxpLXZpdHRvcmlvdmVuZXRvLml0L3dwLWpzb24vd3AvdjIvcGFnZXMvNTk2In0sInZlcnNpb24iOjIsImNpcGhlciI6ImFlcy0yNTYtZ2NtIn0.4YptOjeS593J_pUaqNHLabTGM7SzSv-kynBxyoJ5W6U' \/>\n\n<div style=\"\"  data-wp-interactive=\"jetpack\/form\" data-wp-context='{\"fieldId\":\"g596-nome\",\"fieldType\":\"name\",\"fieldLabel\":\"Nome\",\"fieldValue\":\"\",\"fieldPlaceholder\":\"\",\"fieldIsRequired\":\"1\",\"fieldErrorMessage\":\"\",\"fieldExtra\":[],\"formHash\":\"6bbd29f583534d297c4a677533ac0929b7a7c4ba\"}'  class='grunion-field-name-wrap grunion-field-wrap'  data-wp-init='callbacks.initializeField' data-wp-on--jetpack-form-reset='callbacks.initializeField' >\n<label\n\t\t\t\tfor='g596-nome' class=\"grunion-field-label name\" >Nome<span class=\"grunion-label-required\" aria-hidden=\"true\">(obbligatorio)<\/span><\/label>\n<input\n\t\t\t\t\ttype='text'\n\t\t\t\t\tname='g596-nome'\n\t\t\t\t\tid='g596-nome'\n\t\t\t\t\tvalue=''\n\n\t\t\t\t\tdata-wp-bind--aria-invalid='state.fieldHasErrors'\n\t\t\t\t\tdata-wp-bind--value='state.getFieldValue'\n\t\t\t\t\taria-errormessage='g596-nome-text-error-message'\n\t\t\t\t\tdata-wp-on--input='actions.onFieldChange'\n\t\t\t\t\tdata-wp-on--blur='actions.onFieldBlur'\n\t\t\t\t\tdata-wp-class--has-value='state.hasFieldValue'\n\n\t\t\t\t\tclass='name  grunion-field' \n\t\t\t\t\trequired='true' aria-required='true'  \/>\n \n\t\t\t<div id=\"g596-nome-text-error\" class=\"contact-form__input-error\" data-wp-class--has-errors=\"state.fieldHasErrors\">\n\t\t\t\t<span class=\"contact-form__warning-icon\">\n\t\t\t\t\t<svg width=\"16\" height=\"16\" viewBox=\"0 0 16 16\" fill=\"none\" xmlns=\"http:\/\/www.w3.org\/2000\/svg\">\n\t\t\t\t\t\t<path d=\"M8.50015 11.6402H7.50015V10.6402H8.50015V11.6402Z\" \/>\n\t\t\t\t\t\t<path d=\"M7.50015 9.64018H8.50015V6.30684H7.50015V9.64018Z\" \/>\n\t\t\t\t\t\t<path fill-rule=\"evenodd\" clip-rule=\"evenodd\" d=\"M6.98331 3.0947C7.42933 2.30177 8.57096 2.30177 9.01698 3.09469L13.8771 11.7349C14.3145 12.5126 13.7525 13.4735 12.8602 13.4735H3.14004C2.24774 13.4735 1.68575 12.5126 2.12321 11.7349L6.98331 3.0947ZM8.14541 3.58496C8.08169 3.47168 7.9186 3.47168 7.85488 3.58496L2.99478 12.2251C2.93229 12.3362 3.01257 12.4735 3.14004 12.4735H12.8602C12.9877 12.4735 13.068 12.3362 13.0055 12.2251L8.14541 3.58496Z\" \/>\n\t\t\t\t\t<\/svg>\n\t\t\t\t\t<span class=\"visually-hidden\">Attenzione<\/span>\n\t\t\t\t<\/span>\n\t\t\t\t<span data-wp-text=\"state.errorMessage\" id=\"g596-nome-text-error-message\" role=\"alert\" aria-live=\"assertive\"><\/span>\n\t\t\t<\/div> \n\t<\/div>\n\n<div style=\"\"  data-wp-interactive=\"jetpack\/form\" data-wp-context='{\"fieldId\":\"g596-email\",\"fieldType\":\"email\",\"fieldLabel\":\"Email\",\"fieldValue\":\"\",\"fieldPlaceholder\":\"\",\"fieldIsRequired\":\"1\",\"fieldErrorMessage\":\"\",\"fieldExtra\":[],\"formHash\":\"6bbd29f583534d297c4a677533ac0929b7a7c4ba\"}'  class='grunion-field-email-wrap grunion-field-wrap'  data-wp-init='callbacks.initializeField' data-wp-on--jetpack-form-reset='callbacks.initializeField' >\n<label\n\t\t\t\tfor='g596-email' class=\"grunion-field-label email\" >Email<span class=\"grunion-label-required\" aria-hidden=\"true\">(obbligatorio)<\/span><\/label>\n<input\n\t\t\t\t\ttype='email'\n\t\t\t\t\tname='g596-email'\n\t\t\t\t\tid='g596-email'\n\t\t\t\t\tvalue=''\n\n\t\t\t\t\tdata-wp-bind--aria-invalid='state.fieldHasErrors'\n\t\t\t\t\tdata-wp-bind--value='state.getFieldValue'\n\t\t\t\t\taria-errormessage='g596-email-email-error-message'\n\t\t\t\t\tdata-wp-on--input='actions.onFieldChange'\n\t\t\t\t\tdata-wp-on--blur='actions.onFieldBlur'\n\t\t\t\t\tdata-wp-class--has-value='state.hasFieldValue'\n\n\t\t\t\t\tclass='email  grunion-field' \n\t\t\t\t\trequired='true' aria-required='true'  \/>\n \n\t\t\t<div id=\"g596-email-email-error\" class=\"contact-form__input-error\" data-wp-class--has-errors=\"state.fieldHasErrors\">\n\t\t\t\t<span class=\"contact-form__warning-icon\">\n\t\t\t\t\t<svg width=\"16\" height=\"16\" viewBox=\"0 0 16 16\" fill=\"none\" xmlns=\"http:\/\/www.w3.org\/2000\/svg\">\n\t\t\t\t\t\t<path d=\"M8.50015 11.6402H7.50015V10.6402H8.50015V11.6402Z\" \/>\n\t\t\t\t\t\t<path d=\"M7.50015 9.64018H8.50015V6.30684H7.50015V9.64018Z\" \/>\n\t\t\t\t\t\t<path fill-rule=\"evenodd\" clip-rule=\"evenodd\" d=\"M6.98331 3.0947C7.42933 2.30177 8.57096 2.30177 9.01698 3.09469L13.8771 11.7349C14.3145 12.5126 13.7525 13.4735 12.8602 13.4735H3.14004C2.24774 13.4735 1.68575 12.5126 2.12321 11.7349L6.98331 3.0947ZM8.14541 3.58496C8.08169 3.47168 7.9186 3.47168 7.85488 3.58496L2.99478 12.2251C2.93229 12.3362 3.01257 12.4735 3.14004 12.4735H12.8602C12.9877 12.4735 13.068 12.3362 13.0055 12.2251L8.14541 3.58496Z\" \/>\n\t\t\t\t\t<\/svg>\n\t\t\t\t\t<span class=\"visually-hidden\">Attenzione<\/span>\n\t\t\t\t<\/span>\n\t\t\t\t<span data-wp-text=\"state.errorMessage\" id=\"g596-email-email-error-message\" role=\"alert\" aria-live=\"assertive\"><\/span>\n\t\t\t<\/div> \n\t<\/div>\n\n<div style=\"\"  data-wp-interactive=\"jetpack\/form\" data-wp-context='{\"fieldId\":\"g596-oggetto\",\"fieldType\":\"select\",\"fieldLabel\":\"Oggetto\",\"fieldValue\":\"\",\"fieldPlaceholder\":\"\",\"fieldIsRequired\":\"1\",\"fieldErrorMessage\":\"\",\"fieldExtra\":[],\"formHash\":\"6bbd29f583534d297c4a677533ac0929b7a7c4ba\"}'  class='grunion-field-select-wrap grunion-field-wrap'  data-wp-init='callbacks.initializeField' data-wp-on--jetpack-form-reset='callbacks.initializeField' >\n<label\n\t\t\t\tfor='g596-oggetto' class=\"grunion-field-label select\" >Oggetto<span class=\"grunion-label-required\" aria-hidden=\"true\">(obbligatorio)<\/span><\/label>\n<div class=\"contact-form__select-wrapper select  grunion-field\"  style=''>\t<span class='contact-form__select-element-wrapper'><select name='g596-oggetto' id='g596-oggetto' required aria-required='true' data-wp-on--change='actions.onFieldChange' data-wp-bind--aria-invalid='state.fieldHasErrors' >\n\t\t<option value='Prenotazione visita'>Prenotazione visita<\/option>\n\t\t<option value='Prenotazione planetario'>Prenotazione planetario<\/option>\n\t\t<option value='Informazioni generiche'>Informazioni generiche<\/option>\n\t\t<option value='Problemi sito\/Segnalazione errori'>Problemi sito\/Segnalazione errori<\/option>\n\t\t<option value='Altro'>Altro<\/option>\n\t<\/select><span class='jetpack-field-dropdown__icon'><\/span><\/span>\n<\/div>\n\n\t\t\t<div id=\"g596-oggetto-select-error\" class=\"contact-form__input-error\" data-wp-class--has-errors=\"state.fieldHasErrors\">\n\t\t\t\t<span class=\"contact-form__warning-icon\">\n\t\t\t\t\t<svg width=\"16\" height=\"16\" viewBox=\"0 0 16 16\" fill=\"none\" xmlns=\"http:\/\/www.w3.org\/2000\/svg\">\n\t\t\t\t\t\t<path d=\"M8.50015 11.6402H7.50015V10.6402H8.50015V11.6402Z\" \/>\n\t\t\t\t\t\t<path d=\"M7.50015 9.64018H8.50015V6.30684H7.50015V9.64018Z\" \/>\n\t\t\t\t\t\t<path fill-rule=\"evenodd\" clip-rule=\"evenodd\" d=\"M6.98331 3.0947C7.42933 2.30177 8.57096 2.30177 9.01698 3.09469L13.8771 11.7349C14.3145 12.5126 13.7525 13.4735 12.8602 13.4735H3.14004C2.24774 13.4735 1.68575 12.5126 2.12321 11.7349L6.98331 3.0947ZM8.14541 3.58496C8.08169 3.47168 7.9186 3.47168 7.85488 3.58496L2.99478 12.2251C2.93229 12.3362 3.01257 12.4735 3.14004 12.4735H12.8602C12.9877 12.4735 13.068 12.3362 13.0055 12.2251L8.14541 3.58496Z\" \/>\n\t\t\t\t\t<\/svg>\n\t\t\t\t\t<span class=\"visually-hidden\">Attenzione<\/span>\n\t\t\t\t<\/span>\n\t\t\t\t<span data-wp-text=\"state.errorMessage\" id=\"g596-oggetto-select-error-message\" role=\"alert\" aria-live=\"assertive\"><\/span>\n\t\t\t<\/div>\t<\/div>\n\n<div style=\"\"  data-wp-interactive=\"jetpack\/form\" data-wp-context='{\"fieldId\":\"g596-messaggio\",\"fieldType\":\"textarea\",\"fieldLabel\":\"Messaggio\",\"fieldValue\":\"\",\"fieldPlaceholder\":\"\",\"fieldIsRequired\":\"1\",\"fieldErrorMessage\":\"\",\"fieldExtra\":[],\"formHash\":\"6bbd29f583534d297c4a677533ac0929b7a7c4ba\"}'  class='grunion-field-textarea-wrap grunion-field-wrap'  data-wp-init='callbacks.initializeField' data-wp-on--jetpack-form-reset='callbacks.initializeField' >\n<label\n\t\t\t\tfor='contact-form-comment-g596-messaggio' class=\"grunion-field-label textarea\" >Messaggio<span class=\"grunion-label-required\" aria-hidden=\"true\">(obbligatorio)<\/span><\/label>\n<textarea\n\t\t                style=''\n\t\t                name='g596-messaggio'\n\t\t                id='contact-form-comment-g596-messaggio'\n\t\t                rows='20'\n\t\t\t\t\t\tdata-wp-text='state.getFieldValue'\n\t\t\t\t\t\tdata-wp-on--input='actions.onFieldChange'\n\t\t\t\t\t\tdata-wp-on--blur='actions.onFieldBlur'\n\t\t\t\t\t\tdata-wp-class--has-value='state.hasFieldValue'\n\t\t\t\t\t\tdata-wp-bind--aria-invalid='state.fieldHasErrors'\n\t\t\t\t\t\taria-errormessage='g596-messaggio-textarea-error-message'\n\t\t\t\t\t\tclass='textarea  grunion-field'  required aria-required='true'><\/textarea>\n \n\t\t\t<div id=\"g596-messaggio-textarea-error\" class=\"contact-form__input-error\" data-wp-class--has-errors=\"state.fieldHasErrors\">\n\t\t\t\t<span class=\"contact-form__warning-icon\">\n\t\t\t\t\t<svg width=\"16\" height=\"16\" viewBox=\"0 0 16 16\" fill=\"none\" xmlns=\"http:\/\/www.w3.org\/2000\/svg\">\n\t\t\t\t\t\t<path d=\"M8.50015 11.6402H7.50015V10.6402H8.50015V11.6402Z\" \/>\n\t\t\t\t\t\t<path d=\"M7.50015 9.64018H8.50015V6.30684H7.50015V9.64018Z\" \/>\n\t\t\t\t\t\t<path fill-rule=\"evenodd\" clip-rule=\"evenodd\" d=\"M6.98331 3.0947C7.42933 2.30177 8.57096 2.30177 9.01698 3.09469L13.8771 11.7349C14.3145 12.5126 13.7525 13.4735 12.8602 13.4735H3.14004C2.24774 13.4735 1.68575 12.5126 2.12321 11.7349L6.98331 3.0947ZM8.14541 3.58496C8.08169 3.47168 7.9186 3.47168 7.85488 3.58496L2.99478 12.2251C2.93229 12.3362 3.01257 12.4735 3.14004 12.4735H12.8602C12.9877 12.4735 13.068 12.3362 13.0055 12.2251L8.14541 3.58496Z\" \/>\n\t\t\t\t\t<\/svg>\n\t\t\t\t\t<span class=\"visually-hidden\">Attenzione<\/span>\n\t\t\t\t<\/span>\n\t\t\t\t<span data-wp-text=\"state.errorMessage\" id=\"g596-messaggio-textarea-error-message\" role=\"alert\" aria-live=\"assertive\"><\/span>\n\t\t\t<\/div>\n\t<\/div>\n\n<div style=\"\"  data-wp-interactive=\"jetpack\/form\" data-wp-context='{\"fieldId\":\"g596-redirect\",\"fieldType\":\"text\",\"fieldLabel\":\"redirect\",\"fieldValue\":\"\",\"fieldPlaceholder\":\"\",\"fieldIsRequired\":\"\",\"fieldErrorMessage\":\"\",\"fieldExtra\":[],\"formHash\":\"6bbd29f583534d297c4a677533ac0929b7a7c4ba\"}'  class='grunion-field-text-wrap grunion-field-wrap'  data-wp-init='callbacks.initializeField' data-wp-on--jetpack-form-reset='callbacks.initializeField' >\n<label\n\t\t\t\tfor='g596-redirect' class=\"grunion-field-label text\" >redirect<\/label>\n<input\n\t\t\t\t\ttype='text'\n\t\t\t\t\tname='g596-redirect'\n\t\t\t\t\tid='g596-redirect'\n\t\t\t\t\tvalue=''\n\n\t\t\t\t\tdata-wp-bind--aria-invalid='state.fieldHasErrors'\n\t\t\t\t\tdata-wp-bind--value='state.getFieldValue'\n\t\t\t\t\taria-errormessage='g596-redirect-text-error-message'\n\t\t\t\t\tdata-wp-on--input='actions.onFieldChange'\n\t\t\t\t\tdata-wp-on--blur='actions.onFieldBlur'\n\t\t\t\t\tdata-wp-class--has-value='state.hasFieldValue'\n\n\t\t\t\t\tclass='text  grunion-field' \n\t\t\t\t\t \/>\n \n\t\t\t<div id=\"g596-redirect-text-error\" class=\"contact-form__input-error\" data-wp-class--has-errors=\"state.fieldHasErrors\">\n\t\t\t\t<span class=\"contact-form__warning-icon\">\n\t\t\t\t\t<svg width=\"16\" height=\"16\" viewBox=\"0 0 16 16\" fill=\"none\" xmlns=\"http:\/\/www.w3.org\/2000\/svg\">\n\t\t\t\t\t\t<path d=\"M8.50015 11.6402H7.50015V10.6402H8.50015V11.6402Z\" \/>\n\t\t\t\t\t\t<path d=\"M7.50015 9.64018H8.50015V6.30684H7.50015V9.64018Z\" \/>\n\t\t\t\t\t\t<path fill-rule=\"evenodd\" clip-rule=\"evenodd\" d=\"M6.98331 3.0947C7.42933 2.30177 8.57096 2.30177 9.01698 3.09469L13.8771 11.7349C14.3145 12.5126 13.7525 13.4735 12.8602 13.4735H3.14004C2.24774 13.4735 1.68575 12.5126 2.12321 11.7349L6.98331 3.0947ZM8.14541 3.58496C8.08169 3.47168 7.9186 3.47168 7.85488 3.58496L2.99478 12.2251C2.93229 12.3362 3.01257 12.4735 3.14004 12.4735H12.8602C12.9877 12.4735 13.068 12.3362 13.0055 12.2251L8.14541 3.58496Z\" \/>\n\t\t\t\t\t<\/svg>\n\t\t\t\t\t<span class=\"visually-hidden\">Attenzione<\/span>\n\t\t\t\t<\/span>\n\t\t\t\t<span data-wp-text=\"state.errorMessage\" id=\"g596-redirect-text-error-message\" role=\"alert\" aria-live=\"assertive\"><\/span>\n\t\t\t<\/div> \n\t<\/div>\n\t<p class='contact-submit'>\n<div class=\"contact-form__error\" data-wp-class--show-errors=\"state.showFormErrors\"><span class=\"contact-form__warning-icon\"><span class=\"visually-hidden\">Attenzione.<\/span><i aria-hidden=\"true\"><\/i><\/span>\n\t\t\t\t<span data-wp-text=\"state.getFormErrorMessage\"><\/span>\n\t\t\t\t<ul>\n\t\t\t\t<template data-wp-each=\"state.getErrorList\" data-wp-key=\"context.item.id\">\n\t\t\t\t\t<li><a data-wp-bind--href=\"context.item.anchor\" data-wp-on--click=\"actions.scrollIntoView\" data-wp-text=\"context.item.label\"><\/a><\/li>\n\t\t\t\t<\/template>\n\t\t\t\t<\/ul><\/div><div class=\"contact-form__error\" data-wp-class--show-errors=\"state.showSubmissionError\" data-wp-text=\"context.submissionError\"><\/div>\t\t<button type='submit' class='pushbutton-wide'>Invia<\/button>\t\t<input type='hidden' name='contact-form-id' value='596' \/>\n\t\t<input type='hidden' name='action' value='grunion-contact-form' \/>\n\t\t<input type='hidden' name='contact-form-hash' value='6bbd29f583534d297c4a677533ac0929b7a7c4ba' \/>\n\t<\/p>\n<p style=\"display: none !important;\" class=\"akismet-fields-container\" data-prefix=\"ak_\"><label>&#916;<textarea name=\"ak_hp_textarea\" cols=\"45\" rows=\"8\" maxlength=\"100\"><\/textarea><\/label><input type=\"hidden\" id=\"ak_js_1\" name=\"ak_js\" value=\"150\"\/><script>document.getElementById( \"ak_js_1\" ).setAttribute( \"value\", ( new Date() ).getTime() );<\/script><\/p><\/form>\n<\/div>\n","protected":false},"excerpt":{"rendered":"<p>L&#8217;Associazione Astrofili Vittorio Veneto \u00e8 anche su Facebook! Normalmente l&#8217;Osservatorio di Piadera \u00e8 sempre aperto ogni venerd\u00ec sera, meteo permettendo, sia per adulti che ragazzi di tutte le et\u00e0. Si possono vedere in diretta i principali oggetti del cielo ripresi in diretta dal grande telescopio da 60 cm. Non serve &#8230;<\/p>\n","protected":false},"author":3,"featured_media":0,"parent":0,"menu_order":99,"comment_status":"closed","ping_status":"closed","template":"","meta":{"footnotes":""},"class_list":["post-596","page","type-page","status-publish","hentry","column","threecol"],"jetpack_sharing_enabled":false,"_links":{"self":[{"href":"https:\/\/www.astrofili-vittorioveneto.it\/index.php\/wp-json\/wp\/v2\/pages\/596","targetHints":{"allow":["GET"]}}],"collection":[{"href":"https:\/\/www.astrofili-vittorioveneto.it\/index.php\/wp-json\/wp\/v2\/pages"}],"about":[{"href":"https:\/\/www.astrofili-vittorioveneto.it\/index.php\/wp-json\/wp\/v2\/types\/page"}],"author":[{"embeddable":true,"href":"https:\/\/www.astrofili-vittorioveneto.it\/index.php\/wp-json\/wp\/v2\/users\/3"}],"replies":[{"embeddable":true,"href":"https:\/\/www.astrofili-vittorioveneto.it\/index.php\/wp-json\/wp\/v2\/comments?post=596"}],"version-history":[{"count":25,"href":"https:\/\/www.astrofili-vittorioveneto.it\/index.php\/wp-json\/wp\/v2\/pages\/596\/revisions"}],"predecessor-version":[{"id":6125,"href":"https:\/\/www.astrofili-vittorioveneto.it\/index.php\/wp-json\/wp\/v2\/pages\/596\/revisions\/6125"}],"wp:attachment":[{"href":"https:\/\/www.astrofili-vittorioveneto.it\/index.php\/wp-json\/wp\/v2\/media?parent=596"}],"curies":[{"name":"wp","href":"https:\/\/api.w.org\/{rel}","templated":true}]}}