{"id":70,"date":"2013-08-08T15:37:06","date_gmt":"2013-08-08T13:37:06","guid":{"rendered":"http:\/\/astrofili-vittorioveneto.it\/?page_id=70"},"modified":"2026-01-03T22:12:40","modified_gmt":"2026-01-03T21:12:40","slug":"chi-siamo","status":"publish","type":"page","link":"https:\/\/www.astrofili-vittorioveneto.it\/index.php\/associazione\/chi-siamo\/","title":{"rendered":"Chi siamo"},"content":{"rendered":"<p>L\u2019associazione Astrofili Vittorio Veneto nasce ufficialmente nel febbraio 1984 da un manipolo di appassionati di astronomia riunitisi in occasione dell\u2019allestimento di una rassegna di astronomia tenutasi nel novembre 1983.<\/p>\n<figure id=\"attachment_1361\" aria-describedby=\"caption-attachment-1361\" style=\"width: 800px\" class=\"wp-caption alignnone\"><a href=\"https:\/\/i0.wp.com\/www.astrofili-vittorioveneto.it\/wp-content\/uploads\/2013\/08\/P1030992.jpg?ssl=1\"><img data-recalc-dims=\"1\" loading=\"lazy\" decoding=\"async\" data-attachment-id=\"1361\" data-permalink=\"https:\/\/www.astrofili-vittorioveneto.it\/index.php\/associazione\/chi-siamo\/p1030992\/\" data-orig-file=\"https:\/\/i0.wp.com\/www.astrofili-vittorioveneto.it\/wp-content\/uploads\/2013\/08\/P1030992.jpg?fit=1280%2C960&amp;ssl=1\" data-orig-size=\"1280,960\" data-comments-opened=\"0\" data-image-meta=\"{&quot;aperture&quot;:&quot;2.8&quot;,&quot;credit&quot;:&quot;&quot;,&quot;camera&quot;:&quot;DMC-FX01&quot;,&quot;caption&quot;:&quot;&quot;,&quot;created_timestamp&quot;:&quot;1236799174&quot;,&quot;copyright&quot;:&quot;&quot;,&quot;focal_length&quot;:&quot;4.6&quot;,&quot;iso&quot;:&quot;80&quot;,&quot;shutter_speed&quot;:&quot;0.025&quot;,&quot;title&quot;:&quot;&quot;}\" data-image-title=\"P1030992\" data-image-description=\"&lt;p&gt;Visita scolastica all&amp;#8217;osservatorio&lt;\/p&gt;\n\" data-image-caption=\"\" data-medium-file=\"https:\/\/i0.wp.com\/www.astrofili-vittorioveneto.it\/wp-content\/uploads\/2013\/08\/P1030992.jpg?fit=800%2C600&amp;ssl=1\" data-large-file=\"https:\/\/i0.wp.com\/www.astrofili-vittorioveneto.it\/wp-content\/uploads\/2013\/08\/P1030992.jpg?fit=660%2C495&amp;ssl=1\" class=\" wp-image-1361\" src=\"https:\/\/i0.wp.com\/www.astrofili-vittorioveneto.it\/wp-content\/uploads\/2013\/08\/P1030992.jpg?resize=660%2C495&#038;ssl=1\" alt=\"P1030992\" width=\"660\" height=\"495\" srcset=\"https:\/\/i0.wp.com\/www.astrofili-vittorioveneto.it\/wp-content\/uploads\/2013\/08\/P1030992.jpg?resize=800%2C600&amp;ssl=1 800w, https:\/\/i0.wp.com\/www.astrofili-vittorioveneto.it\/wp-content\/uploads\/2013\/08\/P1030992.jpg?resize=700%2C525&amp;ssl=1 700w, https:\/\/i0.wp.com\/www.astrofili-vittorioveneto.it\/wp-content\/uploads\/2013\/08\/P1030992.jpg?w=1280&amp;ssl=1 1280w\" sizes=\"auto, (max-width: 660px) 100vw, 660px\" \/><\/a><figcaption id=\"caption-attachment-1361\" class=\"wp-caption-text\">Visita scolastica all&#8217;Osservatorio<\/figcaption><\/figure>\n<p>L\u2019Osservatorio Astronomico pubblico di Piadera \u00e8 nato nel 1986, con finalit\u00e0 sia osservative che didattiche, con lo scopo di far conoscere l\u2019Astronomia al grande pubblico ed in particolare ai giovani. E\u2019 situato in localit\u00e0 Piadera, in comune di Fregona sulle colline a Nord-Est di Vittorio Veneto a 500 m di quota s.l.m.; \u00e8 aperto ogni Venerd\u00ec sera (condizioni meteorologiche permettendo) ed \u00e8 possibile osservare con i telescopi gli oggetti celesti pi\u00f9 disparati, dalla Luna ai pianeti, a nebulose e galassie visibili in quel determinato periodo.<br \/>\nLa visita all&#8217;Osservatorio non ha una durata fissa e dipende delle richieste dei gruppi. Un gruppo tipico \u00e8 quello della classe della scuola primaria e secondaria di primo grado. Ideali sono i gruppi-classe di 25 alunni, oltre ai genitori.\u00a0 Sono da preferire le giornate intorno al 1^ quarto di Luna, ma ogni periodo offre sempre innumerevoli soggetti da osservare.<br \/>\nSi osserva con i tre telescopi da 25, 40 e 61 cm di diametro nelle loro rispettive cupole e si assiste alle spiegazioni animate nella sala conferenze che pu\u00f2 ospitare fino a 60 persone.<\/p>\n<p>Vengono regolarmente organizzate conferenze con docenti universitari, corsi \u201cteorici e pratici\u201d aperti al pubblico, oltre a numerose altre attivit\u00e0 culturali come mostre ed incontri \u201cin piazza\u201d nell\u2019ambito delle manifestazioni organizzate dalla Consulta delle Associazioni del Vittoriese.<\/p>\n<p>Molto forte \u00e8 sempre stata la presenza nelle scuole non solo locali, ma di tutta la provincia, con disponibilit\u00e0 per incontri con gli alunni e gli insegnanti.<br \/>\nMolto richiesta \u00e8 l\u2019attivit\u00e0 con il\u00a0 Planetario astronomico che consiste in una cupola gonfiabile di circa 5 metri di diametro e 3 di altezza entro la quale stanno sedute in cerchio (su comodi cuscini a terra) circa 25 persone.<\/p>\n<figure id=\"attachment_1359\" aria-describedby=\"caption-attachment-1359\" style=\"width: 800px\" class=\"wp-caption alignnone\"><a href=\"https:\/\/i0.wp.com\/www.astrofili-vittorioveneto.it\/wp-content\/uploads\/2013\/08\/Planetario-scuola-Tarzo.jpg?ssl=1\"><img data-recalc-dims=\"1\" loading=\"lazy\" decoding=\"async\" data-attachment-id=\"1359\" data-permalink=\"https:\/\/www.astrofili-vittorioveneto.it\/index.php\/associazione\/chi-siamo\/planetario-scuola-tarzo\/\" data-orig-file=\"https:\/\/i0.wp.com\/www.astrofili-vittorioveneto.it\/wp-content\/uploads\/2013\/08\/Planetario-scuola-Tarzo.jpg?fit=2496%2C1664&amp;ssl=1\" data-orig-size=\"2496,1664\" data-comments-opened=\"0\" data-image-meta=\"{&quot;aperture&quot;:&quot;4&quot;,&quot;credit&quot;:&quot;&quot;,&quot;camera&quot;:&quot;Canon EOS 350D DIGITAL&quot;,&quot;caption&quot;:&quot;&quot;,&quot;created_timestamp&quot;:&quot;1355480046&quot;,&quot;copyright&quot;:&quot;&quot;,&quot;focal_length&quot;:&quot;30&quot;,&quot;iso&quot;:&quot;400&quot;,&quot;shutter_speed&quot;:&quot;0.04&quot;,&quot;title&quot;:&quot;&quot;}\" data-image-title=\"Planetario scuola-Tarzo\" data-image-description=\"\" data-image-caption=\"&lt;p&gt;Visita scolastica al planetario &lt;\/p&gt;\n\" data-medium-file=\"https:\/\/i0.wp.com\/www.astrofili-vittorioveneto.it\/wp-content\/uploads\/2013\/08\/Planetario-scuola-Tarzo.jpg?fit=800%2C533&amp;ssl=1\" data-large-file=\"https:\/\/i0.wp.com\/www.astrofili-vittorioveneto.it\/wp-content\/uploads\/2013\/08\/Planetario-scuola-Tarzo.jpg?fit=660%2C440&amp;ssl=1\" class=\"size-medium wp-image-1359\" src=\"https:\/\/i0.wp.com\/www.astrofili-vittorioveneto.it\/wp-content\/uploads\/2013\/08\/Planetario-scuola-Tarzo.jpg?resize=660%2C440&#038;ssl=1\" alt=\"Visita scolastica al planetario \" width=\"660\" height=\"440\" srcset=\"https:\/\/i0.wp.com\/www.astrofili-vittorioveneto.it\/wp-content\/uploads\/2013\/08\/Planetario-scuola-Tarzo.jpg?resize=800%2C533&amp;ssl=1 800w, https:\/\/i0.wp.com\/www.astrofili-vittorioveneto.it\/wp-content\/uploads\/2013\/08\/Planetario-scuola-Tarzo.jpg?resize=1600%2C1066&amp;ssl=1 1600w, https:\/\/i0.wp.com\/www.astrofili-vittorioveneto.it\/wp-content\/uploads\/2013\/08\/Planetario-scuola-Tarzo.jpg?resize=700%2C466&amp;ssl=1 700w, https:\/\/i0.wp.com\/www.astrofili-vittorioveneto.it\/wp-content\/uploads\/2013\/08\/Planetario-scuola-Tarzo.jpg?w=1320&amp;ssl=1 1320w, https:\/\/i0.wp.com\/www.astrofili-vittorioveneto.it\/wp-content\/uploads\/2013\/08\/Planetario-scuola-Tarzo.jpg?w=1980&amp;ssl=1 1980w\" sizes=\"auto, (max-width: 660px) 100vw, 660px\" \/><\/a><figcaption id=\"caption-attachment-1359\" class=\"wp-caption-text\">Visita scolastica al planetario<\/figcaption><\/figure>\n<p>Un proiettore digitale proietta l&#8217;intera\u00a0 volta celeste\u00a0 ed \u00e8 possibile fare le simulazioni pi\u00f9 disparate, dal movimento diurno di Sole e Luna, a quello stagionale ed annuale delle costellazioni, a quello secolare della precessione. Si possono simulare le eclissi di sole, proiettare filmati e molto altro.<\/p>\n","protected":false},"excerpt":{"rendered":"<p>L\u2019associazione Astrofili Vittorio Veneto nasce ufficialmente nel febbraio 1984 da un manipolo di appassionati di astronomia riunitisi in occasione dell\u2019allestimento di una rassegna di astronomia tenutasi nel novembre 1983. L\u2019Osservatorio Astronomico pubblico di Piadera \u00e8 nato nel 1986, con finalit\u00e0 sia osservative che didattiche, con lo scopo di far conoscere &#8230;<\/p>\n","protected":false},"author":2,"featured_media":0,"parent":69,"menu_order":1,"comment_status":"closed","ping_status":"closed","template":"","meta":{"footnotes":""},"class_list":["post-70","page","type-page","status-publish","hentry","column","threecol"],"jetpack_sharing_enabled":true,"_links":{"self":[{"href":"https:\/\/www.astrofili-vittorioveneto.it\/index.php\/wp-json\/wp\/v2\/pages\/70","targetHints":{"allow":["GET"]}}],"collection":[{"href":"https:\/\/www.astrofili-vittorioveneto.it\/index.php\/wp-json\/wp\/v2\/pages"}],"about":[{"href":"https:\/\/www.astrofili-vittorioveneto.it\/index.php\/wp-json\/wp\/v2\/types\/page"}],"author":[{"embeddable":true,"href":"https:\/\/www.astrofili-vittorioveneto.it\/index.php\/wp-json\/wp\/v2\/users\/2"}],"replies":[{"embeddable":true,"href":"https:\/\/www.astrofili-vittorioveneto.it\/index.php\/wp-json\/wp\/v2\/comments?post=70"}],"version-history":[{"count":12,"href":"https:\/\/www.astrofili-vittorioveneto.it\/index.php\/wp-json\/wp\/v2\/pages\/70\/revisions"}],"predecessor-version":[{"id":8879,"href":"https:\/\/www.astrofili-vittorioveneto.it\/index.php\/wp-json\/wp\/v2\/pages\/70\/revisions\/8879"}],"up":[{"embeddable":true,"href":"https:\/\/www.astrofili-vittorioveneto.it\/index.php\/wp-json\/wp\/v2\/pages\/69"}],"wp:attachment":[{"href":"https:\/\/www.astrofili-vittorioveneto.it\/index.php\/wp-json\/wp\/v2\/media?parent=70"}],"curies":[{"name":"wp","href":"https:\/\/api.w.org\/{rel}","templated":true}]}}