{"id":74,"date":"2013-08-08T15:37:59","date_gmt":"2013-08-08T13:37:59","guid":{"rendered":"http:\/\/astrofili-vittorioveneto.it\/?page_id=74"},"modified":"2015-02-03T19:00:03","modified_gmt":"2015-02-03T18:00:03","slug":"prenotazioni","status":"publish","type":"page","link":"https:\/\/www.astrofili-vittorioveneto.it\/index.php\/associazione\/prenotazioni\/","title":{"rendered":"Prenotazioni"},"content":{"rendered":"<h3 style=\"text-align: justify;\"><strong>Prenotazione visite guidate in osservatorio<\/strong><\/h3>\n<p style=\"text-align: justify;\">Non sono necessarie prenotazioni per le visite durante l&#8217;apertura settimanale del venerd\u00ec.<\/p>\n<p style=\"text-align: justify;\">Per le prenotazioni di visita per gruppi numerosi, anche di 30-40 persone o pi\u00f9, si chiede di <span style=\"color: #000000;\">contattare le seguenti persone, a questi recapiti telefonici o email (nella sezione <a title=\"Contatti\" href=\"https:\/\/www.astrofili-vittorioveneto.it\/index.php\/contatti\/\">Contatti<\/a> \u00e8 possibile trovare il form pre-compilato per la prenotazione via email):<\/span><\/p>\n<ul style=\"text-align: justify;\">\n<li><span style=\"color: #333300;\"><em><strong>Silvano Tocchet<\/strong>\u00a0 (Presidente), telefono <em>0438-555116,<\/em> mobile 349 3669669<br \/>\nemail: <\/em><\/span><em><em><a title=\"Invia una email al Presidente\" href=\"mailto:siltoky@yahoo.it\" target=\"_blank\">siltoky@yahoo.it<\/a><\/em><\/em><\/li>\n<li><span style=\"color: #333300;\"><em><strong>Fortunato Zanchettin<\/strong>\u00a0 (Tesoriere), telefono\u00a0 0438-959507, mobile 340 0835490<\/em><\/span><\/li>\n<\/ul>\n<p style=\"text-align: justify;\">Le giornate e gli orari verranno stabiliti di volta in volta, a seconda delle reciproche esigenze.<\/p>\n<h3 style=\"text-align: justify;\"><strong>Prenotazione del Planetario Astronomico<\/strong><\/h3>\n<p style=\"text-align: justify;\">Il Planetario Astronomico\u00a0 \u00e8 uno strumento didattico di straordinaria portata e pu\u00f2 far comprendere i movimenti degli astri in modo semplice e intuitivo.<\/p>\n<p style=\"text-align: justify;\">Si tratta di una cupola di circa 5 metri di diametro, gonfiabile, al cui interno viene proiettata la volta celeste mediante l&#8217;ausilio di un proiettore digitale comandato da un computer. Le simulazioni sono moltissime: dai movimenti dei pianeti alle eclissi di sole e luna, dai filmati sui corpi del sistema solare al sorvolo del pianeta Marte con le sue formazioni geologiche e le bianche calotte polari.<\/p>\n<figure id=\"attachment_1363\" aria-describedby=\"caption-attachment-1363\" style=\"width: 800px\" class=\"wp-caption alignnone\"><a href=\"https:\/\/i0.wp.com\/www.astrofili-vittorioveneto.it\/wp-content\/uploads\/2013\/08\/P1080205.jpg?ssl=1\"><img data-recalc-dims=\"1\" loading=\"lazy\" decoding=\"async\" data-attachment-id=\"1363\" data-permalink=\"https:\/\/www.astrofili-vittorioveneto.it\/index.php\/associazione\/prenotazioni\/p1080205\/\" data-orig-file=\"https:\/\/i0.wp.com\/www.astrofili-vittorioveneto.it\/wp-content\/uploads\/2013\/08\/P1080205.jpg?fit=1600%2C1200&amp;ssl=1\" data-orig-size=\"1600,1200\" data-comments-opened=\"0\" data-image-meta=\"{&quot;aperture&quot;:&quot;2.8&quot;,&quot;credit&quot;:&quot;&quot;,&quot;camera&quot;:&quot;DMC-FX01&quot;,&quot;caption&quot;:&quot;&quot;,&quot;created_timestamp&quot;:&quot;1287487021&quot;,&quot;copyright&quot;:&quot;&quot;,&quot;focal_length&quot;:&quot;4.6&quot;,&quot;iso&quot;:&quot;250&quot;,&quot;shutter_speed&quot;:&quot;0.033333333333333&quot;,&quot;title&quot;:&quot;&quot;}\" data-image-title=\"P1080205\" data-image-description=\"\" data-image-caption=\"&lt;p&gt;L&amp;#8217;interno della cupola del Planetario con il proiettore digitale.&lt;\/p&gt;\n\" data-medium-file=\"https:\/\/i0.wp.com\/www.astrofili-vittorioveneto.it\/wp-content\/uploads\/2013\/08\/P1080205.jpg?fit=800%2C600&amp;ssl=1\" data-large-file=\"https:\/\/i0.wp.com\/www.astrofili-vittorioveneto.it\/wp-content\/uploads\/2013\/08\/P1080205.jpg?fit=660%2C495&amp;ssl=1\" class=\"size-medium wp-image-1363\" src=\"https:\/\/i0.wp.com\/www.astrofili-vittorioveneto.it\/wp-content\/uploads\/2013\/08\/P1080205.jpg?resize=660%2C495&#038;ssl=1\" alt=\"L'interno della cupola del Planetario con il proiettore digitale.\" width=\"660\" height=\"495\" srcset=\"https:\/\/i0.wp.com\/www.astrofili-vittorioveneto.it\/wp-content\/uploads\/2013\/08\/P1080205.jpg?resize=800%2C600&amp;ssl=1 800w, https:\/\/i0.wp.com\/www.astrofili-vittorioveneto.it\/wp-content\/uploads\/2013\/08\/P1080205.jpg?w=1600&amp;ssl=1 1600w, https:\/\/i0.wp.com\/www.astrofili-vittorioveneto.it\/wp-content\/uploads\/2013\/08\/P1080205.jpg?resize=700%2C525&amp;ssl=1 700w, https:\/\/i0.wp.com\/www.astrofili-vittorioveneto.it\/wp-content\/uploads\/2013\/08\/P1080205.jpg?w=1320&amp;ssl=1 1320w\" sizes=\"auto, (max-width: 660px) 100vw, 660px\" \/><\/a><figcaption id=\"caption-attachment-1363\" class=\"wp-caption-text\">L&#8217;interno della cupola del Planetario con il proiettore digitale.<\/figcaption><\/figure>\n<p style=\"text-align: justify;\">All&#8217;interno del planetario trovano posto fino a 25 persone; le spiegazioni vengono dimensionate sulle esigenze degli insegnanti e l&#8217;et\u00e0 dei ragazzi; ottimi risultati sono stati conseguiti sia con alunni delle scuole elementari che medie superiori.<\/p>\n<p style=\"text-align: justify;\">Per prenotazioni contattare i seguenti recapiti telefonici o e-mail (nella sezione <a title=\"Contatti\" href=\"https:\/\/www.astrofili-vittorioveneto.it\/index.php\/contatti\/\">Contatti<\/a> \u00e8 possibile trovare il form pre-compilato per la prenotazione via email):<\/p>\n<ul>\n<li style=\"color: #000000;\"><span style=\"color: #000000;\"><em><strong>Silvano Tocchet<\/strong>\u00a0 (Presidente), telefono 0438-555116, mobile 349 3669669<\/em><\/span><br \/>\n<span style=\"color: #000000;\"><em> email: <em><a title=\"Invia una email al Presidente\" href=\"mailto:siltoky@yahoo.it\" target=\"_blank\">siltoky@yahoo.it<\/a><\/em><\/em><\/span><\/li>\n<li style=\"color: #000000;\"><em>Per altre informazioni: info@astrofili-vittorioveneto.it<\/em><\/li>\n<\/ul>\n","protected":false},"excerpt":{"rendered":"<p>Prenotazione visite guidate in osservatorio Non sono necessarie prenotazioni per le visite durante l&#8217;apertura settimanale del venerd\u00ec. Per le prenotazioni di visita per gruppi numerosi, anche di 30-40 persone o pi\u00f9, si chiede di contattare le seguenti persone, a questi recapiti telefonici o email (nella sezione Contatti \u00e8 possibile trovare &#8230;<\/p>\n","protected":false},"author":2,"featured_media":0,"parent":69,"menu_order":4,"comment_status":"closed","ping_status":"closed","template":"","meta":{"footnotes":""},"class_list":["post-74","page","type-page","status-publish","hentry","column","threecol"],"jetpack_sharing_enabled":true,"_links":{"self":[{"href":"https:\/\/www.astrofili-vittorioveneto.it\/index.php\/wp-json\/wp\/v2\/pages\/74","targetHints":{"allow":["GET"]}}],"collection":[{"href":"https:\/\/www.astrofili-vittorioveneto.it\/index.php\/wp-json\/wp\/v2\/pages"}],"about":[{"href":"https:\/\/www.astrofili-vittorioveneto.it\/index.php\/wp-json\/wp\/v2\/types\/page"}],"author":[{"embeddable":true,"href":"https:\/\/www.astrofili-vittorioveneto.it\/index.php\/wp-json\/wp\/v2\/users\/2"}],"replies":[{"embeddable":true,"href":"https:\/\/www.astrofili-vittorioveneto.it\/index.php\/wp-json\/wp\/v2\/comments?post=74"}],"version-history":[{"count":26,"href":"https:\/\/www.astrofili-vittorioveneto.it\/index.php\/wp-json\/wp\/v2\/pages\/74\/revisions"}],"predecessor-version":[{"id":1720,"href":"https:\/\/www.astrofili-vittorioveneto.it\/index.php\/wp-json\/wp\/v2\/pages\/74\/revisions\/1720"}],"up":[{"embeddable":true,"href":"https:\/\/www.astrofili-vittorioveneto.it\/index.php\/wp-json\/wp\/v2\/pages\/69"}],"wp:attachment":[{"href":"https:\/\/www.astrofili-vittorioveneto.it\/index.php\/wp-json\/wp\/v2\/media?parent=74"}],"curies":[{"name":"wp","href":"https:\/\/api.w.org\/{rel}","templated":true}]}}