{"id":777,"date":"2013-08-31T00:12:03","date_gmt":"2013-08-30T22:12:03","guid":{"rendered":"http:\/\/new.astrofili-vittorioveneto.it\/?page_id=777"},"modified":"2013-09-26T13:46:47","modified_gmt":"2013-09-26T11:46:47","slug":"deepsky","status":"publish","type":"page","link":"https:\/\/www.astrofili-vittorioveneto.it\/index.php\/immagini\/deepsky\/","title":{"rendered":"Deepsky"},"content":{"rendered":"<p><b>Oggetto del profondo cielo<\/b> (o <b>oggetto non stellare<\/b>) \u00e8 un termine usato spesso nell&#8217;<a title=\"Astronomia amatoriale\" href=\"http:\/\/it.wikipedia.org\/wiki\/Astronomia_amatoriale\">astronomia amatoriale<\/a> per indicare oggetti del cielo notturno che non siano n\u00e9 <a title=\"Stella\" href=\"http:\/\/it.wikipedia.org\/wiki\/Stella\">stelle<\/a> n\u00e9 oggetti del <a title=\"Sistema Solare\" href=\"http:\/\/it.wikipedia.org\/wiki\/Sistema_Solare\">Sistema Solare<\/a> (come <a title=\"Pianeta\" href=\"http:\/\/it.wikipedia.org\/wiki\/Pianeta\">pianeti<\/a>, <a title=\"Cometa\" href=\"http:\/\/it.wikipedia.org\/wiki\/Cometa\">comete<\/a> e <a title=\"Asteroide\" href=\"http:\/\/it.wikipedia.org\/wiki\/Asteroide\">asteroidi<\/a>). La grande maggioranza di questi oggetti non \u00e8 visibile ad occhio nudo, e solo una minoranza abbastanza brillante pu\u00f2 essere vista agevolmente con un piccolo <a title=\"Telescopio\" href=\"http:\/\/it.wikipedia.org\/wiki\/Telescopio\">telescopio<\/a>. (<a href=\"http:\/\/it.wikipedia.org\/wiki\/Oggetto_del_profondo_cielo\" target=\"_blank\">wikipedia&#8230;<\/a>)<\/p>\n","protected":false},"excerpt":{"rendered":"<p>Oggetto del profondo cielo (o oggetto non stellare) \u00e8 un termine usato spesso nell&#8217;astronomia amatoriale per indicare oggetti del cielo notturno che non siano n\u00e9 stelle n\u00e9 oggetti del Sistema Solare (come pianeti, comete e asteroidi). La grande maggioranza di questi oggetti non \u00e8 visibile ad occhio nudo, e solo &#8230;<\/p>\n","protected":false},"author":2,"featured_media":0,"parent":34,"menu_order":0,"comment_status":"closed","ping_status":"closed","template":"","meta":{"footnotes":""},"class_list":["post-777","page","type-page","status-publish","hentry","column","threecol"],"jetpack_sharing_enabled":true,"_links":{"self":[{"href":"https:\/\/www.astrofili-vittorioveneto.it\/index.php\/wp-json\/wp\/v2\/pages\/777","targetHints":{"allow":["GET"]}}],"collection":[{"href":"https:\/\/www.astrofili-vittorioveneto.it\/index.php\/wp-json\/wp\/v2\/pages"}],"about":[{"href":"https:\/\/www.astrofili-vittorioveneto.it\/index.php\/wp-json\/wp\/v2\/types\/page"}],"author":[{"embeddable":true,"href":"https:\/\/www.astrofili-vittorioveneto.it\/index.php\/wp-json\/wp\/v2\/users\/2"}],"replies":[{"embeddable":true,"href":"https:\/\/www.astrofili-vittorioveneto.it\/index.php\/wp-json\/wp\/v2\/comments?post=777"}],"version-history":[{"count":3,"href":"https:\/\/www.astrofili-vittorioveneto.it\/index.php\/wp-json\/wp\/v2\/pages\/777\/revisions"}],"predecessor-version":[{"id":1156,"href":"https:\/\/www.astrofili-vittorioveneto.it\/index.php\/wp-json\/wp\/v2\/pages\/777\/revisions\/1156"}],"up":[{"embeddable":true,"href":"https:\/\/www.astrofili-vittorioveneto.it\/index.php\/wp-json\/wp\/v2\/pages\/34"}],"wp:attachment":[{"href":"https:\/\/www.astrofili-vittorioveneto.it\/index.php\/wp-json\/wp\/v2\/media?parent=777"}],"curies":[{"name":"wp","href":"https:\/\/api.w.org\/{rel}","templated":true}]}}