{"id":787,"date":"2013-08-31T11:00:44","date_gmt":"2013-08-31T09:00:44","guid":{"rendered":"http:\/\/new.astrofili-vittorioveneto.it\/?page_id=787"},"modified":"2013-09-26T13:34:38","modified_gmt":"2013-09-26T11:34:38","slug":"sistema-solare","status":"publish","type":"page","link":"https:\/\/www.astrofili-vittorioveneto.it\/index.php\/immagini\/sistema-solare\/","title":{"rendered":"Sistema solare"},"content":{"rendered":"<p>Il <b>sistema solare<\/b> \u00e8 il <a title=\"Sistema planetario\" href=\"http:\/\/it.wikipedia.org\/wiki\/Sistema_planetario\">sistema planetario<\/a> costituito da una variet\u00e0 di <a title=\"Oggetto celeste\" href=\"http:\/\/it.wikipedia.org\/wiki\/Oggetto_celeste\">corpi celesti<\/a> mantenuti in orbita dalla <a title=\"Forza di gravit\u00e0\" href=\"http:\/\/it.wikipedia.org\/wiki\/Forza_di_gravit%C3%A0\">forza di gravit\u00e0<\/a> del <a title=\"Sole\" href=\"http:\/\/it.wikipedia.org\/wiki\/Sole\">Sole<\/a>; vi appartiene anche la <a title=\"Terra\" href=\"http:\/\/it.wikipedia.org\/wiki\/Terra\">Terra<\/a>. \u00c8 costituito da otto <a title=\"Pianeta\" href=\"http:\/\/it.wikipedia.org\/wiki\/Pianeta\">pianeti<\/a>, dai rispettivi <a title=\"Satellite naturale\" href=\"http:\/\/it.wikipedia.org\/wiki\/Satellite_naturale\">satelliti naturali<\/a>, da cinque <a title=\"Pianeta nano\" href=\"http:\/\/it.wikipedia.org\/wiki\/Pianeta_nano\">pianeti nani<\/a> e da miliardi di <a title=\"Corpo minore\" href=\"http:\/\/it.wikipedia.org\/wiki\/Corpo_minore\">corpi minori<\/a>. Quest&#8217;ultima categoria comprende gli <a title=\"Asteroidi\" href=\"http:\/\/it.wikipedia.org\/wiki\/Asteroidi\">asteroidi<\/a>, in gran parte ripartiti fra due <a title=\"Cintura asteroidale\" href=\"http:\/\/it.wikipedia.org\/wiki\/Cintura_asteroidale\">cinture asteroidali<\/a> (la <a title=\"Fascia principale\" href=\"http:\/\/it.wikipedia.org\/wiki\/Fascia_principale\">fascia principale<\/a> e la <a title=\"Fascia di Kuiper\" href=\"http:\/\/it.wikipedia.org\/wiki\/Fascia_di_Kuiper\">fascia di Kuiper<\/a>), le <a title=\"Cometa\" href=\"http:\/\/it.wikipedia.org\/wiki\/Cometa\">comete<\/a>, le <a title=\"Meteoroide\" href=\"http:\/\/it.wikipedia.org\/wiki\/Meteoroide\">meteoroidi<\/a> e la polvere interplanetaria. Il sistema solare \u00e8 composto dal Sole, da quattro <a title=\"Pianeta terrestre\" href=\"http:\/\/it.wikipedia.org\/wiki\/Pianeta_terrestre\">pianeti rocciosi interni<\/a>, dalla <a title=\"Fascia principale\" href=\"http:\/\/it.wikipedia.org\/wiki\/Fascia_principale\">fascia principale degli asteroidi<\/a>, dai quattro <a title=\"Gigante gassoso\" href=\"http:\/\/it.wikipedia.org\/wiki\/Gigante_gassoso\">giganti gassosi esterni<\/a>, da cinque <a title=\"Pianeta nano\" href=\"http:\/\/it.wikipedia.org\/wiki\/Pianeta_nano\">pianeti nani<\/a>, dalla <a title=\"Cintura di Kuiper\" href=\"http:\/\/it.wikipedia.org\/wiki\/Cintura_di_Kuiper\">cintura di Kuiper<\/a>, dal <a title=\"Disco diffuso\" href=\"http:\/\/it.wikipedia.org\/wiki\/Disco_diffuso\">disco diffuso<\/a> e dalla ipotetica <a title=\"Nube di Oort\" href=\"http:\/\/it.wikipedia.org\/wiki\/Nube_di_Oort\">nube di Oort<\/a>, sede di gran parte delle comete.<\/p>\n<p>In ordine di distanza dal Sole, gli otto pianeti sono: <a title=\"Mercurio (astronomia)\" href=\"http:\/\/it.wikipedia.org\/wiki\/Mercurio_%28astronomia%29\">Mercurio<\/a>, <a title=\"Venere (astronomia)\" href=\"http:\/\/it.wikipedia.org\/wiki\/Venere_%28astronomia%29\">Venere<\/a>, <a title=\"Terra\" href=\"http:\/\/it.wikipedia.org\/wiki\/Terra\">Terra<\/a>, <a title=\"Marte (astronomia)\" href=\"http:\/\/it.wikipedia.org\/wiki\/Marte_%28astronomia%29\">Marte<\/a>, <a title=\"Giove (astronomia)\" href=\"http:\/\/it.wikipedia.org\/wiki\/Giove_%28astronomia%29\">Giove<\/a>, <a title=\"Saturno (astronomia)\" href=\"http:\/\/it.wikipedia.org\/wiki\/Saturno_%28astronomia%29\">Saturno<\/a>, <a title=\"Urano (astronomia)\" href=\"http:\/\/it.wikipedia.org\/wiki\/Urano_%28astronomia%29\">Urano<\/a> e <a title=\"Nettuno (astronomia)\" href=\"http:\/\/it.wikipedia.org\/wiki\/Nettuno_%28astronomia%29\">Nettuno<\/a>.<\/p>\n<p>A met\u00e0 <a title=\"2008\" href=\"http:\/\/it.wikipedia.org\/wiki\/2008\">2008<\/a> cinque corpi del sistema solare sono stati classificati come pianeti nani: <a title=\"Cerere (astronomia)\" href=\"http:\/\/it.wikipedia.org\/wiki\/Cerere_%28astronomia%29\">Cerere<\/a>, situato nella fascia degli asteroidi, e altri quattro corpi situati al di l\u00e0 dell&#8217;orbita di Nettuno, ossia <a title=\"Plutone (astronomia)\" href=\"http:\/\/it.wikipedia.org\/wiki\/Plutone_%28astronomia%29\">Plutone<\/a> (in precedenza classificato come il nono pianeta), <a title=\"Haumea (astronomia)\" href=\"http:\/\/it.wikipedia.org\/wiki\/Haumea_%28astronomia%29\">Haumea<\/a>, <a title=\"Makemake (astronomia)\" href=\"http:\/\/it.wikipedia.org\/wiki\/Makemake_%28astronomia%29\">Makemake<\/a>, e <a title=\"Eris (astronomia)\" href=\"http:\/\/it.wikipedia.org\/wiki\/Eris_%28astronomia%29\">Eris<\/a>.<\/p>\n<p>Sei dei pianeti e tre dei pianeti nani hanno in orbita attorno a essi dei satelliti naturali; inoltre tutti i pianeti esterni sono circondati da <a title=\"Anello planetario\" href=\"http:\/\/it.wikipedia.org\/wiki\/Anello_planetario\">anelli planetari<\/a>, composti di polvere e altre particelle. (<a href=\"http:\/\/it.wikipedia.org\/wiki\/Sistema_solare\" target=\"_blank\">wikipedia&#8230;<\/a>)<\/p>\n","protected":false},"excerpt":{"rendered":"<p>Il sistema solare \u00e8 il sistema planetario costituito da una variet\u00e0 di corpi celesti mantenuti in orbita dalla forza di gravit\u00e0 del Sole; vi appartiene anche la Terra. \u00c8 costituito da otto pianeti, dai rispettivi satelliti naturali, da cinque pianeti nani e da miliardi di corpi minori. Quest&#8217;ultima categoria comprende &#8230;<\/p>\n","protected":false},"author":2,"featured_media":0,"parent":34,"menu_order":0,"comment_status":"closed","ping_status":"open","template":"","meta":{"footnotes":""},"class_list":["post-787","page","type-page","status-publish","hentry","column","threecol"],"jetpack_sharing_enabled":true,"_links":{"self":[{"href":"https:\/\/www.astrofili-vittorioveneto.it\/index.php\/wp-json\/wp\/v2\/pages\/787","targetHints":{"allow":["GET"]}}],"collection":[{"href":"https:\/\/www.astrofili-vittorioveneto.it\/index.php\/wp-json\/wp\/v2\/pages"}],"about":[{"href":"https:\/\/www.astrofili-vittorioveneto.it\/index.php\/wp-json\/wp\/v2\/types\/page"}],"author":[{"embeddable":true,"href":"https:\/\/www.astrofili-vittorioveneto.it\/index.php\/wp-json\/wp\/v2\/users\/2"}],"replies":[{"embeddable":true,"href":"https:\/\/www.astrofili-vittorioveneto.it\/index.php\/wp-json\/wp\/v2\/comments?post=787"}],"version-history":[{"count":2,"href":"https:\/\/www.astrofili-vittorioveneto.it\/index.php\/wp-json\/wp\/v2\/pages\/787\/revisions"}],"predecessor-version":[{"id":1154,"href":"https:\/\/www.astrofili-vittorioveneto.it\/index.php\/wp-json\/wp\/v2\/pages\/787\/revisions\/1154"}],"up":[{"embeddable":true,"href":"https:\/\/www.astrofili-vittorioveneto.it\/index.php\/wp-json\/wp\/v2\/pages\/34"}],"wp:attachment":[{"href":"https:\/\/www.astrofili-vittorioveneto.it\/index.php\/wp-json\/wp\/v2\/media?parent=787"}],"curies":[{"name":"wp","href":"https:\/\/api.w.org\/{rel}","templated":true}]}}